{"id":2247,"date":"2025-09-22T11:50:31","date_gmt":"2025-09-22T09:50:31","guid":{"rendered":"https:\/\/medicolink.com\/?page_id=2247"},"modified":"2025-09-25T10:44:52","modified_gmt":"2025-09-25T08:44:52","slug":"appointment-booking","status":"publish","type":"page","link":"https:\/\/medicolink.com\/da\/appointment-booking\/","title":{"rendered":"Appointment booking"},"content":{"rendered":"<p><!-- Calendly link widget begin -->\n<link href=https:\/\/assets.calendly.com\/assets\/external\/widget.css rel=\"stylesheet\">\n<a href=\"\" onclick=\"Calendly.initPopupWidget({url: ' https:\/\/calendly.com\/eniko-medicolink\/30min?month=2025-09&#038;date=2025-09-30'});return false;\">Tak for din interesse i Medicolink. Book et m\u00f8de med mig til en uforpligtende snak om Medicolinks l\u00f8sninger.<\/a><br \/>\n<!-- Calendly link widget end --><\/p>\n\n\n<!-- Calendly link widget begin -->\n<link href=https:\/\/assets.calendly.com\/assets\/external\/widget.css rel=\"stylesheet\">\n<script src=https:\/\/assets.calendly.com\/assets\/external\/widget.js type=\"text\/javascript\" async><\/script>\n<a href=\"\" onclick=\"Calendly.initPopupWidget({url: 'https:\/\/calendly.com\/eniko-medicolink\/30min'});return false;\">Tak for din interesse i Medicolink. Book et m\u00f8de med mig til en uforpligtende snak om Medicolinks l\u00f8sninger.<\/a>\n<!-- Calendly link widget end -->\n","protected":false},"excerpt":{"rendered":"<p>Tak for din interesse i Medicolink. Book et m\u00f8de med mig til en uforpligtende snak om Medicolinks l\u00f8sninger. Tak for din interesse i Medicolink. Book et m\u00f8de med mig til en uforpligtende snak om Medicolinks l\u00f8sninger.<\/p>\n","protected":false},"author":3,"featured_media":0,"parent":0,"menu_order":0,"comment_status":"closed","ping_status":"closed","template":"","meta":{"_seopress_robots_primary_cat":"","_seopress_titles_title":"","_seopress_titles_desc":"","_seopress_robots_index":"","footnotes":""},"class_list":["post-2247","page","type-page","status-publish","hentry"],"_links":{"self":[{"href":"https:\/\/medicolink.com\/da\/wp-json\/wp\/v2\/pages\/2247","targetHints":{"allow":["GET"]}}],"collection":[{"href":"https:\/\/medicolink.com\/da\/wp-json\/wp\/v2\/pages"}],"about":[{"href":"https:\/\/medicolink.com\/da\/wp-json\/wp\/v2\/types\/page"}],"author":[{"embeddable":true,"href":"https:\/\/medicolink.com\/da\/wp-json\/wp\/v2\/users\/3"}],"replies":[{"embeddable":true,"href":"https:\/\/medicolink.com\/da\/wp-json\/wp\/v2\/comments?post=2247"}],"version-history":[{"count":0,"href":"https:\/\/medicolink.com\/da\/wp-json\/wp\/v2\/pages\/2247\/revisions"}],"wp:attachment":[{"href":"https:\/\/medicolink.com\/da\/wp-json\/wp\/v2\/media?parent=2247"}],"curies":[{"name":"wp","href":"https:\/\/api.w.org\/{rel}","templated":true}]}}